{"id":8925,"date":"2025-01-05T21:55:14","date_gmt":"2025-01-05T21:55:14","guid":{"rendered":"https:\/\/merzougraphy.com\/votre-demande\/"},"modified":"2025-01-26T08:43:47","modified_gmt":"2025-01-26T08:43:47","slug":"votre-demande","status":"publish","type":"page","link":"https:\/\/merzougraphy.com\/fr\/votre-demande\/","title":{"rendered":"VOTRE DEMANDE"},"content":{"rendered":"\t\t<div data-elementor-type=\"wp-page\" data-elementor-id=\"8925\" class=\"elementor elementor-8925 elementor-6549\">\n\t\t\t\t<div class=\"elementor-element elementor-element-17341e4 e-flex e-con-boxed e-con e-parent\" data-id=\"17341e4\" data-element_type=\"container\" data-e-type=\"container\" data-settings=\"{&quot;background_background&quot;:&quot;classic&quot;,&quot;artale_ext_is_background_parallax&quot;:&quot;false&quot;,&quot;artale_ext_is_background_backdrop&quot;:&quot;false&quot;,&quot;artale_ext_is_background_on_scroll&quot;:&quot;false&quot;,&quot;artale_ext_link_sidemenu&quot;:&quot;false&quot;,&quot;artale_ext_link_fullmenu&quot;:&quot;false&quot;,&quot;artale_ext_link_closed_fullmenu&quot;:&quot;false&quot;,&quot;artale_ext_mobile_static&quot;:&quot;false&quot;,&quot;artale_ext_is_sticky&quot;:&quot;false&quot;,&quot;artale_ext_is_scrollme&quot;:&quot;false&quot;,&quot;artale_ext_is_smoove&quot;:&quot;false&quot;,&quot;artale_ext_is_parallax_mouse&quot;:&quot;false&quot;,&quot;artale_ext_is_infinite&quot;:&quot;false&quot;,&quot;artale_ext_is_fadeout_animation&quot;:&quot;false&quot;}\">\n\t\t\t\t\t<div class=\"e-con-inner\">\n\t\t<div class=\"elementor-element elementor-element-01a1db9 e-flex e-con-boxed e-con e-child\" data-id=\"01a1db9\" data-element_type=\"container\" data-e-type=\"container\" data-settings=\"{&quot;background_background&quot;:&quot;classic&quot;,&quot;artale_ext_is_background_parallax&quot;:&quot;false&quot;,&quot;artale_ext_is_background_backdrop&quot;:&quot;false&quot;,&quot;artale_ext_is_background_on_scroll&quot;:&quot;false&quot;,&quot;artale_ext_link_sidemenu&quot;:&quot;false&quot;,&quot;artale_ext_link_fullmenu&quot;:&quot;false&quot;,&quot;artale_ext_link_closed_fullmenu&quot;:&quot;false&quot;,&quot;artale_ext_mobile_static&quot;:&quot;false&quot;,&quot;artale_ext_is_sticky&quot;:&quot;false&quot;,&quot;artale_ext_is_scrollme&quot;:&quot;false&quot;,&quot;artale_ext_is_smoove&quot;:&quot;false&quot;,&quot;artale_ext_is_parallax_mouse&quot;:&quot;false&quot;,&quot;artale_ext_is_infinite&quot;:&quot;false&quot;,&quot;artale_ext_is_fadeout_animation&quot;:&quot;false&quot;}\">\n\t\t\t\t\t<div class=\"e-con-inner\">\n\t\t\t\t<div class=\"elementor-element elementor-element-49d5176 elementor-widget__width-initial elementor-widget elementor-widget-heading\" data-id=\"49d5176\" data-element_type=\"widget\" data-e-type=\"widget\" data-settings=\"{&quot;artale_ext_link_sidemenu&quot;:&quot;false&quot;,&quot;artale_ext_link_fullmenu&quot;:&quot;false&quot;,&quot;artale_ext_link_closed_fullmenu&quot;:&quot;false&quot;,&quot;artale_ext_mobile_static&quot;:&quot;false&quot;,&quot;artale_ext_is_sticky&quot;:&quot;false&quot;,&quot;artale_ext_is_scrollme&quot;:&quot;false&quot;,&quot;artale_ext_is_smoove&quot;:&quot;false&quot;,&quot;artale_ext_is_parallax_mouse&quot;:&quot;false&quot;,&quot;artale_ext_is_infinite&quot;:&quot;false&quot;,&quot;artale_ext_is_fadeout_animation&quot;:&quot;false&quot;}\" data-widget_type=\"heading.default\">\n\t\t\t\t<div class=\"elementor-widget-container\">\n\t\t\t\t\t<h2 class=\"elementor-heading-title elementor-size-default\">VOTRE HISTOIRE COMMENCE ICI<\/h2>\t\t\t\t<\/div>\n\t\t\t\t<\/div>\n\t\t\t\t<div class=\"elementor-element elementor-element-5770b3c elementor-widget__width-initial elementor-widget elementor-widget-text-editor\" data-id=\"5770b3c\" data-element_type=\"widget\" data-e-type=\"widget\" data-settings=\"{&quot;artale_ext_link_sidemenu&quot;:&quot;false&quot;,&quot;artale_ext_link_fullmenu&quot;:&quot;false&quot;,&quot;artale_ext_link_closed_fullmenu&quot;:&quot;false&quot;,&quot;artale_ext_mobile_static&quot;:&quot;false&quot;,&quot;artale_ext_is_sticky&quot;:&quot;false&quot;,&quot;artale_ext_is_scrollme&quot;:&quot;false&quot;,&quot;artale_ext_is_smoove&quot;:&quot;false&quot;,&quot;artale_ext_is_parallax_mouse&quot;:&quot;false&quot;,&quot;artale_ext_is_infinite&quot;:&quot;false&quot;,&quot;artale_ext_is_fadeout_animation&quot;:&quot;false&quot;}\" data-widget_type=\"text-editor.default\">\n\t\t\t\t<div class=\"elementor-widget-container\">\n\t\t\t\t\t\t\t\t\t<p>Merci d&rsquo;avoir partag\u00e9 votre demande ! Je vous contacterai bient\u00f4t pour donner vie \u00e0 votre vision. J&rsquo;ai h\u00e2te de capturer les moments qui comptent le plus et de faire de votre s\u00e9ance photo ou de votre \u00e9v\u00e9nement une exp\u00e9rience significative et inoubliable.  <\/p>\n\t\t\t\t\t\t\t\t<\/div>\n\t\t\t\t<\/div>\n\t\t\t\t<div class=\"elementor-element elementor-element-a586cb7 elementor-widget__width-inherit elementor-widget elementor-widget-artale-contact-form\" data-id=\"a586cb7\" data-element_type=\"widget\" data-e-type=\"widget\" data-settings=\"{&quot;artale_ext_link_sidemenu&quot;:&quot;false&quot;,&quot;artale_ext_link_fullmenu&quot;:&quot;false&quot;,&quot;artale_ext_link_closed_fullmenu&quot;:&quot;false&quot;,&quot;artale_ext_mobile_static&quot;:&quot;false&quot;,&quot;artale_ext_is_sticky&quot;:&quot;false&quot;,&quot;artale_ext_is_scrollme&quot;:&quot;false&quot;,&quot;artale_ext_is_smoove&quot;:&quot;false&quot;,&quot;artale_ext_is_parallax_mouse&quot;:&quot;false&quot;,&quot;artale_ext_is_infinite&quot;:&quot;false&quot;,&quot;artale_ext_is_fadeout_animation&quot;:&quot;false&quot;}\" data-widget_type=\"artale-contact-form.default\">\n\t\t\t\t<div class=\"elementor-widget-container\">\n\t\t\t\t\t<div class=\"artale-contact-form-content-wrapper\">\n\t\n<div class=\"wpcf7 no-js\" id=\"wpcf7-f9171-o1\" lang=\"fr-FR\" dir=\"ltr\" data-wpcf7-id=\"9171\">\n<div class=\"screen-reader-response\"><p role=\"status\" aria-live=\"polite\" aria-atomic=\"true\"><\/p> <ul><\/ul><\/div>\n<form action=\"\/fr\/wp-json\/wp\/v2\/pages\/8925#wpcf7-f9171-o1\" method=\"post\" class=\"wpcf7-form init\" aria-label=\"Formulaire de contact\" novalidate=\"novalidate\" data-status=\"init\">\n<fieldset class=\"hidden-fields-container\"><input type=\"hidden\" name=\"_wpcf7\" value=\"9171\" \/><input type=\"hidden\" name=\"_wpcf7_version\" value=\"6.1.5\" \/><input type=\"hidden\" name=\"_wpcf7_locale\" value=\"fr_FR\" \/><input type=\"hidden\" name=\"_wpcf7_unit_tag\" value=\"wpcf7-f9171-o1\" \/><input type=\"hidden\" name=\"_wpcf7_container_post\" value=\"0\" \/><input type=\"hidden\" name=\"_wpcf7_posted_data_hash\" value=\"\" \/>\n<\/fieldset>\n<p><label> Votre Nom*<br \/>\n<span class=\"wpcf7-form-control-wrap\" data-name=\"your-name\"><input size=\"40\" maxlength=\"400\" class=\"wpcf7-form-control wpcf7-text wpcf7-validates-as-required\" aria-required=\"true\" aria-invalid=\"false\" value=\"\" type=\"text\" name=\"your-name\" \/><\/span> <\/label>\n<\/p>\n<p><label> Votre Adresse Mail*<br \/>\n<span class=\"wpcf7-form-control-wrap\" data-name=\"your-email\"><input size=\"40\" maxlength=\"400\" class=\"wpcf7-form-control wpcf7-email wpcf7-validates-as-required wpcf7-text wpcf7-validates-as-email\" aria-required=\"true\" aria-invalid=\"false\" value=\"\" type=\"email\" name=\"your-email\" \/><\/span> <\/label>\n<\/p>\n<p><label> Votre Num\u00e9ro WhatsApp*<br \/>\n<span class=\"wpcf7-form-control-wrap\" data-name=\"your-whatsapp\"><input size=\"40\" maxlength=\"400\" class=\"wpcf7-form-control wpcf7-tel wpcf7-validates-as-required wpcf7-text wpcf7-validates-as-tel\" aria-required=\"true\" aria-invalid=\"false\" value=\"\" type=\"tel\" name=\"your-whatsapp\" \/><\/span> <\/label>\n<\/p>\n<p><label> Type de demande*<br \/>\n<span class=\"wpcf7-form-control-wrap\" data-name=\"event-type\"><select class=\"wpcf7-form-control wpcf7-select\" aria-invalid=\"false\" name=\"event-type\"><option value=\"Ev\u00e9nement (Mariage, fugue, anniversaire, baby shower...)\">Ev\u00e9nement (Mariage, fugue, anniversaire, baby shower...)<\/option><option value=\"S\u00e9ance photo (Couple, Maternit\u00e9, Famille, Nouveau-n\u00e9...)\">S\u00e9ance photo (Couple, Maternit\u00e9, Famille, Nouveau-n\u00e9...)<\/option><option value=\"Autre\">Autre<\/option><\/select><\/span> <\/label>\n<\/p>\n<p><label> Date*<br \/>\n<span class=\"wpcf7-form-control-wrap\" data-name=\"event-date\"><input class=\"wpcf7-form-control wpcf7-date wpcf7-validates-as-required wpcf7-validates-as-date\" aria-required=\"true\" aria-invalid=\"false\" value=\"\" type=\"date\" name=\"event-date\" \/><\/span><\/label>\n<\/p>\n<p><label> Lieu*<br \/>\n<span class=\"wpcf7-form-control-wrap\" data-name=\"location\"><input size=\"40\" maxlength=\"400\" class=\"wpcf7-form-control wpcf7-text wpcf7-validates-as-required\" aria-required=\"true\" aria-invalid=\"false\" value=\"\" type=\"text\" name=\"location\" \/><\/span> <\/label>\n<\/p>\n<p><label> Votre Message (optionnel)<br \/>\n<span class=\"wpcf7-form-control-wrap\" data-name=\"your-message\"><textarea cols=\"40\" rows=\"10\" maxlength=\"2000\" class=\"wpcf7-form-control wpcf7-textarea\" aria-invalid=\"false\" name=\"your-message\"><\/textarea><\/span> <\/label>\n<\/p>\n<p><input class=\"wpcf7-form-control wpcf7-submit has-spinner\" type=\"submit\" value=\"Envoyer\" \/>\n<\/p><div class=\"wpcf7-response-output\" aria-hidden=\"true\"><\/div>\n<\/form>\n<\/div>\n<\/div>\t\t\t\t<\/div>\n\t\t\t\t<\/div>\n\t\t\t\t\t<\/div>\n\t\t\t\t<\/div>\n\t\t\t\t\t<\/div>\n\t\t\t\t<\/div>\n\t\t\t\t<\/div>\n\t\t","protected":false},"excerpt":{"rendered":"","protected":false},"author":1,"featured_media":0,"parent":0,"menu_order":0,"comment_status":"closed","ping_status":"closed","template":"elementor_header_footer","meta":{"footnotes":""},"class_list":["post-8925","page","type-page","status-publish","hentry"],"_links":{"self":[{"href":"https:\/\/merzougraphy.com\/fr\/wp-json\/wp\/v2\/pages\/8925","targetHints":{"allow":["GET"]}}],"collection":[{"href":"https:\/\/merzougraphy.com\/fr\/wp-json\/wp\/v2\/pages"}],"about":[{"href":"https:\/\/merzougraphy.com\/fr\/wp-json\/wp\/v2\/types\/page"}],"author":[{"embeddable":true,"href":"https:\/\/merzougraphy.com\/fr\/wp-json\/wp\/v2\/users\/1"}],"replies":[{"embeddable":true,"href":"https:\/\/merzougraphy.com\/fr\/wp-json\/wp\/v2\/comments?post=8925"}],"version-history":[{"count":1,"href":"https:\/\/merzougraphy.com\/fr\/wp-json\/wp\/v2\/pages\/8925\/revisions"}],"predecessor-version":[{"id":8926,"href":"https:\/\/merzougraphy.com\/fr\/wp-json\/wp\/v2\/pages\/8925\/revisions\/8926"}],"wp:attachment":[{"href":"https:\/\/merzougraphy.com\/fr\/wp-json\/wp\/v2\/media?parent=8925"}],"curies":[{"name":"wp","href":"https:\/\/api.w.org\/{rel}","templated":true}]}}